{"id":2,"date":"2024-04-08T15:23:56","date_gmt":"2024-04-08T15:23:56","guid":{"rendered":"https:\/\/baukasten.pro\/?page_id=2"},"modified":"2026-03-12T15:01:18","modified_gmt":"2026-03-12T15:01:18","slug":"sample-page","status":"publish","type":"page","link":"https:\/\/baukasten.pro\/","title":{"rendered":"Sanit\u00e4r. Heizung. Rohrreinigung."},"content":{"rendered":"\n<div class=\"et_pb_section_0 et_pb_section et_section_regular et_block_section\"><div class=\"et_pb_row_0 et_pb_row et_block_row\"><div class=\"et_pb_column_0 et_pb_column et_pb_column_4_4 et-last-child et_block_column et_pb_css_mix_blend_mode_passthrough\"><div class=\"et_pb_image_0 et_pb_image et_pb_module et_block_module\"><span class=\"et_pb_image_wrap\"><img loading=\"lazy\" decoding=\"async\" src=\"https:\/\/baukasten.pro\/wp-content\/uploads\/2024\/04\/Baukasten-Logo.jpg\" width=\"1080\" height=\"486\" srcset=\"https:\/\/baukasten.pro\/wp-content\/uploads\/2024\/04\/Baukasten-Logo.jpg 1080w, https:\/\/baukasten.pro\/wp-content\/uploads\/2024\/04\/Baukasten-Logo-980x441.jpg 980w, https:\/\/baukasten.pro\/wp-content\/uploads\/2024\/04\/Baukasten-Logo-480x216.jpg 480w\" sizes=\"(min-width: 0px) and (max-width: 480px) 480px, (min-width: 481px) and (max-width: 980px) 980px, (min-width: 981px) 1080px, 100vw\" class=\"wp-image-25\" title=\"Baukasten-Logo\" \/><\/span><\/div><\/div><\/div><\/div><div class=\"et_pb_section_1 et_pb_section et_section_regular et_block_section et_pb_section_parallax\"><span class=\"et-pb-parallax-wrapper\"><span class=\"et-pb-parallax-background et-pb-parallax-background-module--divi-section-1\" style=\"background-image:url(https:\/\/baukasten.pro\/wp-content\/uploads\/2024\/04\/Baukasten_Rohre_Background.jpg)\"><\/span><span class=\"et_parallax_gradient\" style=\"background-image:linear-gradient(180deg, rgba(0,0,0,0.3) 0%,rgba(0,0,0,0.3) 100% 100%)\"><\/span><\/span><\/div><div class=\"et_pb_section_2 et_pb_section et_section_regular et_block_section\"><div class=\"et_pb_row_1 et_pb_row et_block_row\"><div class=\"et_pb_column_1 et_pb_column et_pb_column_4_4 et-last-child et_block_column et_pb_css_mix_blend_mode_passthrough\"><div class=\"et_pb_text_0 et_pb_text et_pb_bg_layout_light et_pb_module et_block_module et_pb_text_align_center-tablet et_pb_text_align_center-phone preset--module--divi-text--72bbf289-b4f2-44ff-9586-f7f99d539440\"><div class=\"et_pb_text_inner\"><h1>Sanit\u00e4r. Heizung. Rohrreinigung.<\/h1>\n<h2>Ihr Partner rund um's Haus.<\/h2>\n<\/div><\/div><\/div><\/div><div class=\"et_pb_row_2 et_pb_row et_pb_equal_columns et_block_row\"><div class=\"et_pb_column_2 et_pb_column et_pb_column_1_2 et_block_column et_pb_css_mix_blend_mode_passthrough\"><div class=\"et_pb_text_1 et_pb_text et_pb_bg_layout_light et_pb_module et_block_module preset--module--divi-text--706202fc-ad16-48d3-900c-66802385ce1d\"><div class=\"et_pb_text_inner\"><p>Willkommen bei <strong>BAUKASTEN<\/strong>, Ihrem zuverl\u00e4ssigen Partner f\u00fcr erstklassige Leistungen rund um Sanit\u00e4r-, Heizungs- und Rohrreinigungsangelegenheiten!<\/p>\n<p>In einer Welt, in der Komfort und Funktionalit\u00e4t zu einem Lebensstil werden, ist eine reibungslose Funktion Ihrer sanit\u00e4ren Anlagen und Heizsysteme von entscheidender Bedeutung. Doch was, wenn ein Problem auftritt? Ein verstopftes Rohr, eine undichte Leitung oder ein defekter Heizk\u00f6rper k\u00f6nnen nicht nur den Alltag beeintr\u00e4chtigen, sondern auch erhebliche Kosten und Unannehmlichkeiten verursachen.<\/p>\n<p>Genau hier kommen wir ins Spiel. Wir verstehen die Bedeutung eines reibungslos funktionierenden Haushalts, sei es zu Hause oder im Unternehmen. Unsere Mission ist es, Ihnen dabei zu helfen, diese Ruhe und Sicherheit zu gew\u00e4hrleisten.<\/p>\n<\/div><\/div><div class=\"et_pb_module et_pb_button_module_wrapper et_pb_button_0_wrapper preset--module--divi-button--a22e01f5-3c69-45d3-a4fa-38308891ae61_wrapper\"><a class=\"et_pb_button_0 et_pb_button et_pb_bg_layout_light et_pb_module et_block_module preset--module--divi-button--a22e01f5-3c69-45d3-a4fa-38308891ae61\" href=\"tel:00491774043526\">+49 (0) 177 4043 526<\/a><\/div><\/div><div class=\"et_pb_column_3 et_pb_column et_pb_column_1_2 et-last-child et_block_column et_pb_css_mix_blend_mode_passthrough\"><div class=\"et_pb_image_1 et_pb_image et_pb_module et_block_module\"><span class=\"et_pb_image_wrap\"><img loading=\"lazy\" decoding=\"async\" src=\"https:\/\/baukasten.pro\/wp-content\/uploads\/2024\/04\/Baukasten_Wasserhahn.jpg\" width=\"720\" height=\"1080\" srcset=\"https:\/\/baukasten.pro\/wp-content\/uploads\/2024\/04\/Baukasten_Wasserhahn.jpg 720w, https:\/\/baukasten.pro\/wp-content\/uploads\/2024\/04\/Baukasten_Wasserhahn-480x720.jpg 480w\" sizes=\"(min-width: 0px) and (max-width: 480px) 480px, (min-width: 481px) 720px, 100vw\" class=\"wp-image-44\" title=\"Baukasten_Wasserhahn\" \/><\/span><\/div><\/div><\/div><\/div><div class=\"et_pb_section_3 et_pb_section et_section_regular et_block_section et_pb_section_parallax\"><span class=\"et-pb-parallax-wrapper\"><span class=\"et-pb-parallax-background et-pb-parallax-background-module--divi-section-3\" style=\"background-image:url(https:\/\/baukasten.pro\/wp-content\/uploads\/2024\/04\/Baukasten_Baustelle_Background.jpg)\"><\/span><span class=\"et_parallax_gradient\" style=\"background-image:linear-gradient(180deg, rgba(254,94,0,0.8) 0%,rgba(254,94,0,0.8) 100% 100%)\"><\/span><\/span><div class=\"et_pb_row_3 et_pb_row et_pb_equal_columns et_block_row\"><div class=\"et_pb_column_4 et_pb_column et_pb_column_1_3 et_block_column et_pb_css_mix_blend_mode_passthrough\"><div class=\"et_pb_text_2 et_pb_text et_pb_bg_layout_light et_pb_module et_block_module et_pb_text_align_center preset--module--divi-text--8b7cc831-86a9-444d-a832-e6bf747a56c7\"><div class=\"et_pb_text_inner\"><h3>Rohre schlafen nicht!<br \/>\nWir sind f\u00fcr Sie da, wenn es sein muss 24\/7<\/h3>\n<\/div><\/div><div class=\"et_pb_module et_pb_button_module_wrapper et_pb_button_1_wrapper preset--module--divi-button--a22e01f5-3c69-45d3-a4fa-38308891ae61_wrapper\"><a class=\"et_pb_button_1 et_pb_button et_pb_bg_layout_light et_pb_module et_block_module preset--module--divi-button--a22e01f5-3c69-45d3-a4fa-38308891ae61\" href=\"tel:00491774043526\">+49 (0) 177 4043 526<\/a><\/div><\/div><div class=\"et_pb_column_5 et_pb_column et_pb_column_1_3 et_block_column et_pb_css_mix_blend_mode_passthrough\"><div class=\"et_pb_blurb_0 et_pb_blurb et_pb_bg_layout_light et_pb_blurb_position_left et_pb_module et_block_module preset--module--divi-blurb--0ba8b4bc-cb42-452f-a469-608fbfcf22fe\"><div class=\"et_pb_blurb_content\"><div class=\"et_pb_main_blurb_image\"><span class=\"et_pb_image_wrap et_pb_only_image_mode_wrap\"><img loading=\"lazy\" decoding=\"async\" src=\"https:\/\/baukasten.pro\/wp-content\/uploads\/2024\/04\/plumbing-icon-12-2.png\" width=\"150\" height=\"150\" srcset=\"https:\/\/baukasten.pro\/wp-content\/uploads\/2024\/04\/plumbing-icon-12-2.png 150w\" sizes=\"(max-width: 150px) 100vw, 150px\" class=\"et-waypoint et_pb_animation_off et_pb_animation_off_tablet et_pb_animation_off_phone wp-image-14\" \/><\/span><\/div><div class=\"et_pb_blurb_container\"><h4 class=\"et_pb_module_header\">Toiletten & Wasserh\u00e4hne<\/h4><\/div><\/div><\/div><div class=\"et_pb_blurb_1 et_pb_blurb et_pb_bg_layout_light et_pb_blurb_position_left et_pb_module et_block_module preset--module--divi-blurb--0ba8b4bc-cb42-452f-a469-608fbfcf22fe\"><div class=\"et_pb_blurb_content\"><div class=\"et_pb_main_blurb_image\"><span class=\"et_pb_image_wrap et_pb_only_image_mode_wrap\"><img loading=\"lazy\" decoding=\"async\" src=\"https:\/\/baukasten.pro\/wp-content\/uploads\/2024\/04\/plumbing-icon-3-2.png\" width=\"150\" height=\"150\" srcset=\"https:\/\/baukasten.pro\/wp-content\/uploads\/2024\/04\/plumbing-icon-3-2.png 150w\" sizes=\"(max-width: 150px) 100vw, 150px\" class=\"et-waypoint et_pb_animation_off et_pb_animation_off_tablet et_pb_animation_off_phone wp-image-15\" \/><\/span><\/div><div class=\"et_pb_blurb_container\"><h4 class=\"et_pb_module_header\">Warmwasserbereiter<\/h4><\/div><\/div><\/div><div class=\"et_pb_blurb_2 et_pb_blurb et_pb_bg_layout_light et_pb_blurb_position_left et_pb_module et_block_module preset--module--divi-blurb--0ba8b4bc-cb42-452f-a469-608fbfcf22fe\"><div class=\"et_pb_blurb_content\"><div class=\"et_pb_main_blurb_image\"><span class=\"et_pb_image_wrap et_pb_only_image_mode_wrap\"><img loading=\"lazy\" decoding=\"async\" src=\"https:\/\/baukasten.pro\/wp-content\/uploads\/2024\/04\/plumbing-icon-2-2.png\" width=\"150\" height=\"150\" srcset=\"https:\/\/baukasten.pro\/wp-content\/uploads\/2024\/04\/plumbing-icon-2-2.png 150w\" sizes=\"(max-width: 150px) 100vw, 150px\" class=\"et-waypoint et_pb_animation_off et_pb_animation_off_tablet et_pb_animation_off_phone wp-image-16\" \/><\/span><\/div><div class=\"et_pb_blurb_container\"><h4 class=\"et_pb_module_header\">Abflussreinigung<\/h4><\/div><\/div><\/div><\/div><div class=\"et_pb_column_6 et_pb_column et_pb_column_1_3 et-last-child et_block_column et_pb_css_mix_blend_mode_passthrough\"><div class=\"et_pb_blurb_3 et_pb_blurb et_pb_bg_layout_light et_pb_blurb_position_left et_pb_module et_block_module preset--module--divi-blurb--0ba8b4bc-cb42-452f-a469-608fbfcf22fe\"><div class=\"et_pb_blurb_content\"><div class=\"et_pb_main_blurb_image\"><span class=\"et_pb_image_wrap et_pb_only_image_mode_wrap\"><img loading=\"lazy\" decoding=\"async\" src=\"https:\/\/baukasten.pro\/wp-content\/uploads\/2024\/04\/plumbing-icon-11-2.png\" width=\"150\" height=\"150\" srcset=\"https:\/\/baukasten.pro\/wp-content\/uploads\/2024\/04\/plumbing-icon-11-2.png 150w\" sizes=\"(max-width: 150px) 100vw, 150px\" class=\"et-waypoint et_pb_animation_off et_pb_animation_off_tablet et_pb_animation_off_phone wp-image-17\" \/><\/span><\/div><div class=\"et_pb_blurb_container\"><h4 class=\"et_pb_module_header\">Kanalreparatur<\/h4><\/div><\/div><\/div><div class=\"et_pb_blurb_4 et_pb_blurb et_pb_bg_layout_light et_pb_blurb_position_left et_pb_module et_block_module preset--module--divi-blurb--0ba8b4bc-cb42-452f-a469-608fbfcf22fe\"><div class=\"et_pb_blurb_content\"><div class=\"et_pb_main_blurb_image\"><span class=\"et_pb_image_wrap et_pb_only_image_mode_wrap\"><img loading=\"lazy\" decoding=\"async\" src=\"https:\/\/baukasten.pro\/wp-content\/uploads\/2024\/04\/plumbing-icon-1-2.png\" width=\"150\" height=\"150\" srcset=\"https:\/\/baukasten.pro\/wp-content\/uploads\/2024\/04\/plumbing-icon-1-2.png 150w\" sizes=\"(max-width: 150px) 100vw, 150px\" class=\"et-waypoint et_pb_animation_off et_pb_animation_off_tablet et_pb_animation_off_phone wp-image-18\" \/><\/span><\/div><div class=\"et_pb_blurb_container\"><h4 class=\"et_pb_module_header\">Gasleitungen<\/h4><\/div><\/div><\/div><div class=\"et_pb_blurb_5 et_pb_blurb et_pb_bg_layout_light et_pb_blurb_position_left et_pb_module et_block_module preset--module--divi-blurb--0ba8b4bc-cb42-452f-a469-608fbfcf22fe\"><div class=\"et_pb_blurb_content\"><div class=\"et_pb_main_blurb_image\"><span class=\"et_pb_image_wrap et_pb_only_image_mode_wrap\"><img loading=\"lazy\" decoding=\"async\" src=\"https:\/\/baukasten.pro\/wp-content\/uploads\/2024\/04\/plumbing-icon-10-2.png\" width=\"150\" height=\"150\" srcset=\"https:\/\/baukasten.pro\/wp-content\/uploads\/2024\/04\/plumbing-icon-10-2.png 150w\" sizes=\"(max-width: 150px) 100vw, 150px\" class=\"et-waypoint et_pb_animation_off et_pb_animation_off_tablet et_pb_animation_off_phone wp-image-19\" \/><\/span><\/div><div class=\"et_pb_blurb_container\"><h4 class=\"et_pb_module_header\">Umbau<\/h4><\/div><\/div><\/div><\/div><\/div><\/div><div class=\"et_pb_section_4 et_pb_section et_section_regular et_block_section\"><div class=\"et_pb_row_4 et_pb_row et_block_row\"><div class=\"et_pb_column_7 et_pb_column et_pb_column_4_4 et-last-child et_block_column et_pb_css_mix_blend_mode_passthrough\"><div class=\"et_pb_text_3 et_pb_text et_pb_bg_layout_light et_pb_module et_block_module et_pb_text_align_center-tablet et_pb_text_align_center-phone preset--module--divi-text--72bbf289-b4f2-44ff-9586-f7f99d539440\"><div class=\"et_pb_text_inner\"><h3>Mehr als nur eine Dienstleistung.<\/h3>\n<\/div><\/div><div class=\"et_pb_text_4 et_pb_text et_pb_bg_layout_light et_pb_module et_block_module preset--module--divi-text--706202fc-ad16-48d3-900c-66802385ce1d\"><div class=\"et_pb_text_inner\"><p>Unser Team von erfahrenen Fachleuten verf\u00fcgt \u00fcber das Know-how, die F\u00e4higkeiten und die modernste Ausr\u00fcstung, um selbst die anspruchsvollsten Probleme schnell und effizient zu l\u00f6sen. Wir setzen auf innovative L\u00f6sungen und bew\u00e4hrte Methoden, um sicherzustellen, dass Ihre Anlagen wieder in Bestform sind und optimal funktionieren.<\/p>\n<p>Doch wir sind mehr als nur ein Dienstleistungsunternehmen. Uns geht es darum, Beziehungen aufzubauen und Vertrauen zu schaffen. Wir legen Wert auf offene Kommunikation, Transparenz und erstklassigen Kundenservice. Wenn Sie sich f\u00fcr uns entscheiden, k\u00f6nnen Sie darauf vertrauen, dass wir Ihre Anliegen ernst nehmen und alles daran setzen, Ihre Erwartungen zu \u00fcbertreffen.<\/p>\n<p>Entdecken Sie die Vorteile einer Partnerschaft mit <strong>BAUKASTEN<\/strong>. Kontaktieren Sie uns noch heute, um mehr dar\u00fcber zu erfahren, wie wir Ihnen helfen k\u00f6nnen, Ihr Zuhause oder Ihr Unternehmen komfortabler, sicherer und effizienter zu machen.<\/p>\n<\/div><\/div><\/div><\/div><\/div><div class=\"et_pb_section_5 et_pb_section et_section_regular et_block_section\"><div class=\"et_pb_row_5 et_pb_row et_pb_equal_columns et_block_row\"><div class=\"et_pb_column_8 et_pb_column et_pb_column_1_2 et_block_column et_pb_css_mix_blend_mode_passthrough\"><div class=\"et_pb_text_5 et_pb_text et_pb_bg_layout_light et_clickable et_pb_module et_block_module et_pb_text_align_right preset--module--divi-text--8b7cc831-86a9-444d-a832-e6bf747a56c7\"><div class=\"et_pb_text_inner\"><h3>+49 (0) 177 4043 526<\/h3>\n<\/div><\/div><\/div><div class=\"et_pb_column_9 et_pb_column et_pb_column_1_2 et-last-child et_block_column et_pb_css_mix_blend_mode_passthrough\"><div class=\"et_pb_text_6 et_pb_text et_pb_bg_layout_light et_pb_module et_block_module preset--module--divi-text--8b7cc831-86a9-444d-a832-e6bf747a56c7\"><div class=\"et_pb_text_inner\"><h3>Rufen Sie uns unverbindlich an oder vereinbaren Sie direkt einen Termin mit uns<\/h3>\n<\/div><\/div><\/div><\/div><\/div><div class=\"et_pb_section_6 et_pb_section et_section_regular et_block_section\"><div class=\"et_pb_row_6 et_pb_row et_pb_row_1-2_1-4_1-4 et_pb_equal_columns et_block_row et_block_row_1-2_1-4_1-4\"><div class=\"et_pb_column_10 et_pb_column et_pb_column_1_2 et_block_column et_pb_css_mix_blend_mode_passthrough\"><div class=\"et_pb_text_7 et_pb_text et_pb_bg_layout_light et_pb_module et_block_module et_pb_text_align_center preset--module--divi-text--8b7cc831-86a9-444d-a832-e6bf747a56c7\"><div class=\"et_pb_text_inner\"><h3>Baukasten<\/h3>\n<p>Thore Herzog e.K.<br \/>\nUSt-ID: DE359578075<\/p>\n<\/div><\/div><\/div><div class=\"et_pb_column_11 et_pb_column et_pb_column_1_4 et_block_column et_pb_css_mix_blend_mode_passthrough\"><div class=\"et_pb_text_8 et_pb_text et_pb_bg_layout_light et_pb_module et_block_module et_pb_text_align_center preset--module--divi-text--706202fc-ad16-48d3-900c-66802385ce1d\"><div class=\"et_pb_text_inner\"><h4>Anschrift<\/h4>\n<p>Schwabacherstr. 23<br \/>\n90537 Feucht<\/p>\n<\/div><\/div><\/div><div class=\"et_pb_column_12 et_pb_column et_pb_column_1_4 et-last-child et_block_column et_pb_css_mix_blend_mode_passthrough\"><div class=\"et_pb_text_9 et_pb_text et_pb_bg_layout_light et_pb_module et_block_module et_pb_text_align_center preset--module--divi-text--706202fc-ad16-48d3-900c-66802385ce1d\"><div class=\"et_pb_text_inner\"><h4>Kontakt<\/h4>\n<p><a style=\"color: rgba(255,255,255,0.4);\" href=\"tel:00491774043526\">+49 (0) 177 4043 526<\/a><br \/>\n<a style=\"color: rgba(255,255,255,0.4);\" href=\"mailto:info@baukasten.pro\">info@baukasten.pro<\/a><\/p>\n<\/div><\/div><\/div><\/div><\/div>\n","protected":false},"excerpt":{"rendered":"","protected":false},"author":1,"featured_media":0,"parent":0,"menu_order":0,"comment_status":"closed","ping_status":"closed","template":"","meta":{"footnotes":""},"class_list":["post-2","page","type-page","status-publish","hentry"],"_links":{"self":[{"href":"https:\/\/baukasten.pro\/index.php\/wp-json\/wp\/v2\/pages\/2","targetHints":{"allow":["GET"]}}],"collection":[{"href":"https:\/\/baukasten.pro\/index.php\/wp-json\/wp\/v2\/pages"}],"about":[{"href":"https:\/\/baukasten.pro\/index.php\/wp-json\/wp\/v2\/types\/page"}],"author":[{"embeddable":true,"href":"https:\/\/baukasten.pro\/index.php\/wp-json\/wp\/v2\/users\/1"}],"replies":[{"embeddable":true,"href":"https:\/\/baukasten.pro\/index.php\/wp-json\/wp\/v2\/comments?post=2"}],"version-history":[{"count":0,"href":"https:\/\/baukasten.pro\/index.php\/wp-json\/wp\/v2\/pages\/2\/revisions"}],"wp:attachment":[{"href":"https:\/\/baukasten.pro\/index.php\/wp-json\/wp\/v2\/media?parent=2"}],"curies":[{"name":"wp","href":"https:\/\/api.w.org\/{rel}","templated":true}]}}